{"id":87,"date":"2019-10-24T15:25:12","date_gmt":"2019-10-24T12:25:12","guid":{"rendered":"http:\/\/demo.safirtema.com\/delta\/?page_id=87"},"modified":"2025-08-05T12:18:51","modified_gmt":"2025-08-05T09:18:51","slug":"cozum-ortaklari","status":"publish","type":"page","link":"https:\/\/www.ceylan-makina.com\/?page_id=87","title":{"rendered":"\u00c7\u00f6z\u00fcm Ortaklar\u0131"},"content":{"rendered":"\n<figure class=\"wp-block-gallery has-nested-images columns-default is-cropped wp-block-gallery-1 is-layout-flex wp-block-gallery-is-layout-flex\">\n<figure class=\"wp-block-image size-large\"><img loading=\"lazy\" width=\"300\" height=\"211\" data-id=\"566\" src=\"http:\/\/www.ceylan-makina.com\/wp-content\/uploads\/2025\/04\/logos_yildizdemircelik-1.png\" alt=\"\" class=\"wp-image-566\"\/><\/figure>\n\n\n\n<figure class=\"wp-block-image size-large\"><img loading=\"lazy\" width=\"256\" height=\"256\" data-id=\"441\" src=\"http:\/\/www.ceylan-makina.com\/wp-content\/uploads\/2025\/04\/t11.jpg\" alt=\"\" class=\"wp-image-441\" srcset=\"https:\/\/www.ceylan-makina.com\/wp-content\/uploads\/2025\/04\/t11.jpg 256w, https:\/\/www.ceylan-makina.com\/wp-content\/uploads\/2025\/04\/t11-150x150.jpg 150w\" sizes=\"auto, (max-width: 256px) 100vw, 256px\" \/><\/figure>\n\n\n\n<figure class=\"wp-block-image size-large\"><img loading=\"lazy\" width=\"310\" height=\"163\" data-id=\"437\" src=\"http:\/\/www.ceylan-makina.com\/wp-content\/uploads\/2025\/04\/indir-3.png\" alt=\"\" class=\"wp-image-437\" srcset=\"https:\/\/www.ceylan-makina.com\/wp-content\/uploads\/2025\/04\/indir-3.png 310w, https:\/\/www.ceylan-makina.com\/wp-content\/uploads\/2025\/04\/indir-3-300x158.png 300w\" sizes=\"auto, (max-width: 310px) 100vw, 310px\" \/><\/figure>\n\n\n\n<figure class=\"wp-block-image size-large\"><img loading=\"lazy\" width=\"487\" height=\"200\" data-id=\"435\" src=\"http:\/\/www.ceylan-makina.com\/wp-content\/uploads\/2025\/04\/bb2_e12Xb2MAAPPGQouM3B2FPECtWIQiQzop.jpg\" alt=\"\" class=\"wp-image-435\" srcset=\"https:\/\/www.ceylan-makina.com\/wp-content\/uploads\/2025\/04\/bb2_e12Xb2MAAPPGQouM3B2FPECtWIQiQzop.jpg 487w, https:\/\/www.ceylan-makina.com\/wp-content\/uploads\/2025\/04\/bb2_e12Xb2MAAPPGQouM3B2FPECtWIQiQzop-300x123.jpg 300w\" sizes=\"auto, (max-width: 487px) 100vw, 487px\" \/><\/figure>\n\n\n\n<figure class=\"wp-block-image size-large\"><img loading=\"lazy\" width=\"1024\" height=\"220\" data-id=\"436\" src=\"http:\/\/www.ceylan-makina.com\/wp-content\/uploads\/2025\/04\/albap-1024x220.jpg\" alt=\"\" class=\"wp-image-436\" srcset=\"https:\/\/www.ceylan-makina.com\/wp-content\/uploads\/2025\/04\/albap-1024x220.jpg 1024w, https:\/\/www.ceylan-makina.com\/wp-content\/uploads\/2025\/04\/albap-300x64.jpg 300w, https:\/\/www.ceylan-makina.com\/wp-content\/uploads\/2025\/04\/albap-768x165.jpg 768w, https:\/\/www.ceylan-makina.com\/wp-content\/uploads\/2025\/04\/albap-1536x329.jpg 1536w, https:\/\/www.ceylan-makina.com\/wp-content\/uploads\/2025\/04\/albap.jpg 1600w\" sizes=\"auto, (max-width: 1024px) 100vw, 1024px\" \/><\/figure>\n\n\n\n<figure class=\"wp-block-image size-large\"><img loading=\"lazy\" width=\"500\" height=\"75\" data-id=\"433\" src=\"http:\/\/www.ceylan-makina.com\/wp-content\/uploads\/2025\/04\/indir-2.png\" alt=\"\" class=\"wp-image-433\" srcset=\"https:\/\/www.ceylan-makina.com\/wp-content\/uploads\/2025\/04\/indir-2.png 500w, https:\/\/www.ceylan-makina.com\/wp-content\/uploads\/2025\/04\/indir-2-300x45.png 300w\" sizes=\"auto, (max-width: 500px) 100vw, 500px\" \/><\/figure>\n\n\n\n<figure class=\"wp-block-image size-large\"><img loading=\"lazy\" width=\"339\" height=\"155\" data-id=\"432\" src=\"http:\/\/www.ceylan-makina.com\/wp-content\/uploads\/2025\/04\/339X155.png\" alt=\"\u00c7\u0130NAK\" class=\"wp-image-432\" srcset=\"https:\/\/www.ceylan-makina.com\/wp-content\/uploads\/2025\/04\/339X155.png 339w, https:\/\/www.ceylan-makina.com\/wp-content\/uploads\/2025\/04\/339X155-300x137.png 300w\" sizes=\"auto, (max-width: 339px) 100vw, 339px\" \/><\/figure>\n\n\n\n<figure class=\"wp-block-image size-large\"><img loading=\"lazy\" width=\"238\" height=\"212\" data-id=\"431\" src=\"http:\/\/www.ceylan-makina.com\/wp-content\/uploads\/2025\/04\/indir-1.png\" alt=\"\" class=\"wp-image-431\"\/><\/figure>\n\n\n\n<figure class=\"wp-block-image size-large\"><img loading=\"lazy\" width=\"214\" height=\"115\" data-id=\"434\" src=\"http:\/\/www.ceylan-makina.com\/wp-content\/uploads\/2025\/04\/arp-logo.jpg\" alt=\"\" class=\"wp-image-434\"\/><\/figure>\n\n\n\n<figure class=\"wp-block-image size-large\"><img loading=\"lazy\" width=\"143\" height=\"125\" data-id=\"439\" src=\"http:\/\/www.ceylan-makina.com\/wp-content\/uploads\/2025\/04\/logo-izaydas.png\" alt=\"\" class=\"wp-image-439\"\/><\/figure>\n\n\n\n<figure class=\"wp-block-image size-large\"><img loading=\"lazy\" width=\"220\" height=\"100\" data-id=\"438\" src=\"http:\/\/www.ceylan-makina.com\/wp-content\/uploads\/2025\/04\/indir.png\" alt=\"\" class=\"wp-image-438\"\/><\/figure>\n\n\n\n<figure class=\"wp-block-image size-large\"><img loading=\"lazy\" width=\"800\" height=\"420\" data-id=\"605\" src=\"http:\/\/www.ceylan-makina.com\/wp-content\/uploads\/2025\/04\/enpay-logo.png\" alt=\"\" class=\"wp-image-605\" srcset=\"https:\/\/www.ceylan-makina.com\/wp-content\/uploads\/2025\/04\/enpay-logo.png 800w, https:\/\/www.ceylan-makina.com\/wp-content\/uploads\/2025\/04\/enpay-logo-300x158.png 300w, https:\/\/www.ceylan-makina.com\/wp-content\/uploads\/2025\/04\/enpay-logo-768x403.png 768w\" sizes=\"auto, (max-width: 800px) 100vw, 800px\" \/><\/figure>\n\n\n\n<figure class=\"wp-block-image size-large\"><img loading=\"lazy\" width=\"200\" height=\"150\" data-id=\"660\" src=\"http:\/\/www.ceylan-makina.com\/wp-content\/uploads\/2025\/04\/thumber-12.jpg\" alt=\"\" class=\"wp-image-660\"\/><\/figure>\n\n\n\n<figure class=\"wp-block-image size-large\"><img loading=\"lazy\" width=\"294\" height=\"77\" data-id=\"698\" src=\"http:\/\/www.ceylan-makina.com\/wp-content\/uploads\/2025\/05\/site-logo-tr.png\" alt=\"\" class=\"wp-image-698\"\/><\/figure>\n\n\n\n<figure class=\"wp-block-image size-large\"><img loading=\"lazy\" width=\"1024\" height=\"279\" data-id=\"782\" src=\"http:\/\/www.ceylan-makina.com\/wp-content\/uploads\/2025\/06\/turasas-logo-freelogovectors.net_-1024x279.png\" alt=\"\" class=\"wp-image-782\" srcset=\"https:\/\/www.ceylan-makina.com\/wp-content\/uploads\/2025\/06\/turasas-logo-freelogovectors.net_-1024x279.png 1024w, https:\/\/www.ceylan-makina.com\/wp-content\/uploads\/2025\/06\/turasas-logo-freelogovectors.net_-300x82.png 300w, https:\/\/www.ceylan-makina.com\/wp-content\/uploads\/2025\/06\/turasas-logo-freelogovectors.net_-768x209.png 768w, https:\/\/www.ceylan-makina.com\/wp-content\/uploads\/2025\/06\/turasas-logo-freelogovectors.net_.png 1500w\" sizes=\"auto, (max-width: 1024px) 100vw, 1024px\" \/><\/figure>\n\n\n\n<figure class=\"wp-block-image size-large\"><img loading=\"lazy\" width=\"1024\" height=\"275\" data-id=\"868\" src=\"https:\/\/www.ceylan-makina.com\/wp-content\/uploads\/2025\/08\/mfi_logotype-1024x275.png\" alt=\"\" class=\"wp-image-868\" srcset=\"https:\/\/www.ceylan-makina.com\/wp-content\/uploads\/2025\/08\/mfi_logotype-1024x275.png 1024w, https:\/\/www.ceylan-makina.com\/wp-content\/uploads\/2025\/08\/mfi_logotype-300x81.png 300w, https:\/\/www.ceylan-makina.com\/wp-content\/uploads\/2025\/08\/mfi_logotype-768x206.png 768w, https:\/\/www.ceylan-makina.com\/wp-content\/uploads\/2025\/08\/mfi_logotype.png 1280w\" sizes=\"auto, (max-width: 1024px) 100vw, 1024px\" \/><\/figure>\n<\/figure>\n","protected":false},"excerpt":{"rendered":"","protected":false},"author":1,"featured_media":0,"parent":0,"menu_order":0,"comment_status":"closed","ping_status":"closed","template":"pages\/page-references.php","meta":{"footnotes":""},"class_list":["post-87","page","type-page","status-publish","hentry"],"_links":{"self":[{"href":"https:\/\/www.ceylan-makina.com\/index.php?rest_route=\/wp\/v2\/pages\/87","targetHints":{"allow":["GET"]}}],"collection":[{"href":"https:\/\/www.ceylan-makina.com\/index.php?rest_route=\/wp\/v2\/pages"}],"about":[{"href":"https:\/\/www.ceylan-makina.com\/index.php?rest_route=\/wp\/v2\/types\/page"}],"author":[{"embeddable":true,"href":"https:\/\/www.ceylan-makina.com\/index.php?rest_route=\/wp\/v2\/users\/1"}],"replies":[{"embeddable":true,"href":"https:\/\/www.ceylan-makina.com\/index.php?rest_route=%2Fwp%2Fv2%2Fcomments&post=87"}],"version-history":[{"count":28,"href":"https:\/\/www.ceylan-makina.com\/index.php?rest_route=\/wp\/v2\/pages\/87\/revisions"}],"predecessor-version":[{"id":869,"href":"https:\/\/www.ceylan-makina.com\/index.php?rest_route=\/wp\/v2\/pages\/87\/revisions\/869"}],"wp:attachment":[{"href":"https:\/\/www.ceylan-makina.com\/index.php?rest_route=%2Fwp%2Fv2%2Fmedia&parent=87"}],"curies":[{"name":"wp","href":"https:\/\/api.w.org\/{rel}","templated":true}]}}