{"id":612,"date":"2025-04-17T16:56:42","date_gmt":"2025-04-17T13:56:42","guid":{"rendered":"http:\/\/www.ceylan-makina.com\/?page_id=612"},"modified":"2025-12-05T10:57:29","modified_gmt":"2025-12-05T07:57:29","slug":"sertifikalarimiz","status":"publish","type":"page","link":"https:\/\/www.ceylan-makina.com\/?page_id=612","title":{"rendered":"Sertifikalar\u0131m\u0131z"},"content":{"rendered":"\n<pre class=\"wp-block-code\"><code><\/code><\/pre>\n\n\n\n<p>             \u015eirketimiz, kalite y\u00f6netimi, i\u015f sa\u011fl\u0131\u011f\u0131 ve g\u00fcvenli\u011fi, \u00e7evre y\u00f6netimi gibi konularda uluslararas\u0131 standartlar\u0131 kar\u015f\u0131layan sertifikalara sahiptir. Bu sertifikalar, i\u015fimizi her zaman en y\u00fcksek standartlarda yapmam\u0131z\u0131 ve m\u00fc\u015fterilerimize en iyi hizmeti sunmam\u0131z\u0131 sa\u011flar. Kalite y\u00f6netimi konusunda, \u015firketimiz ISO 9001 standard\u0131na uygun olarak sertifikaland\u0131r\u0131lm\u0131\u015ft\u0131r. Bu, i\u015f s\u00fcre\u00e7lerimizin s\u00fcrekli olarak izlenmesi ve iyile\u015ftirilmesi sayesinde \u00fcr\u00fcnlerimizin ve hizmetlerimizin m\u00fc\u015fteri memnuniyetini sa\u011flamas\u0131 anlam\u0131na gelir.<\/p>\n\n\n\n<p>           T\u00fcm bu sertifikalar, \u015firketimizin kalite, i\u015f sa\u011fl\u0131\u011f\u0131 ve g\u00fcvenli\u011fi ve \u00e7evre y\u00f6netimi konular\u0131nda en y\u00fcksek standartlarda faaliyet g\u00f6sterdi\u011fini g\u00f6stermektedir. Bu sertifikalarla, m\u00fc\u015fterilerimize en iyi hizmeti sunmaya devam edece\u011fimizden emin olabilirsiniz.<\/p>\n\n\n\n<figure class=\"wp-block-image size-full\"><img loading=\"lazy\" width=\"671\" height=\"805\" src=\"http:\/\/www.ceylan-makina.com\/wp-content\/uploads\/2025\/07\/sertsiteicin.jpg\" alt=\"\" class=\"wp-image-841\" srcset=\"https:\/\/www.ceylan-makina.com\/wp-content\/uploads\/2025\/07\/sertsiteicin.jpg 671w, https:\/\/www.ceylan-makina.com\/wp-content\/uploads\/2025\/07\/sertsiteicin-250x300.jpg 250w\" sizes=\"auto, (max-width: 671px) 100vw, 671px\" \/><\/figure>\n\n\n\n<figure class=\"wp-block-image size-full is-resized\"><img loading=\"lazy\" width=\"679\" height=\"761\" src=\"https:\/\/www.ceylan-makina.com\/wp-content\/uploads\/2025\/07\/sertsiteicinmastersolid.jpg\" alt=\"\" class=\"wp-image-842\" style=\"width:671px;height:auto\" srcset=\"https:\/\/www.ceylan-makina.com\/wp-content\/uploads\/2025\/07\/sertsiteicinmastersolid.jpg 679w, https:\/\/www.ceylan-makina.com\/wp-content\/uploads\/2025\/07\/sertsiteicinmastersolid-268x300.jpg 268w\" sizes=\"auto, (max-width: 679px) 100vw, 679px\" \/><\/figure>\n\n\n\n<figure class=\"wp-block-image size-full is-resized\"><img loading=\"lazy\" width=\"776\" height=\"527\" src=\"https:\/\/www.ceylan-makina.com\/wp-content\/uploads\/2025\/12\/sertfks.jpg\" alt=\"\" class=\"wp-image-870\" style=\"width:672px;height:auto\" srcset=\"https:\/\/www.ceylan-makina.com\/wp-content\/uploads\/2025\/12\/sertfks.jpg 776w, https:\/\/www.ceylan-makina.com\/wp-content\/uploads\/2025\/12\/sertfks-300x204.jpg 300w, https:\/\/www.ceylan-makina.com\/wp-content\/uploads\/2025\/12\/sertfks-768x522.jpg 768w\" sizes=\"auto, (max-width: 776px) 100vw, 776px\" \/><\/figure>\n","protected":false},"excerpt":{"rendered":"<p>\u015eirketimiz, kalite y\u00f6netimi, i\u015f sa\u011fl\u0131\u011f\u0131 ve g\u00fcvenli\u011fi, \u00e7evre y\u00f6netimi gibi konularda uluslararas\u0131 standartlar\u0131 kar\u015f\u0131layan sertifikalara sahiptir. Bu sertifikalar, i\u015fimizi her zaman en y\u00fcksek standartlarda yapmam\u0131z\u0131 ve m\u00fc\u015fterilerimize en iyi hizmeti sunmam\u0131z\u0131 sa\u011flar. Kalite y\u00f6netimi konusunda, \u015firketimiz ISO 9001 standard\u0131na uygun olarak sertifikaland\u0131r\u0131lm\u0131\u015ft\u0131r. Bu, i\u015f s\u00fcre\u00e7lerimizin s\u00fcrekli olarak izlenmesi ve iyile\u015ftirilmesi sayesinde \u00fcr\u00fcnlerimizin ve hizmetlerimizin m\u00fc\u015fteri [&hellip;]<\/p>\n","protected":false},"author":1,"featured_media":0,"parent":0,"menu_order":0,"comment_status":"closed","ping_status":"closed","template":"","meta":{"footnotes":""},"class_list":["post-612","page","type-page","status-publish","hentry"],"_links":{"self":[{"href":"https:\/\/www.ceylan-makina.com\/index.php?rest_route=\/wp\/v2\/pages\/612","targetHints":{"allow":["GET"]}}],"collection":[{"href":"https:\/\/www.ceylan-makina.com\/index.php?rest_route=\/wp\/v2\/pages"}],"about":[{"href":"https:\/\/www.ceylan-makina.com\/index.php?rest_route=\/wp\/v2\/types\/page"}],"author":[{"embeddable":true,"href":"https:\/\/www.ceylan-makina.com\/index.php?rest_route=\/wp\/v2\/users\/1"}],"replies":[{"embeddable":true,"href":"https:\/\/www.ceylan-makina.com\/index.php?rest_route=%2Fwp%2Fv2%2Fcomments&post=612"}],"version-history":[{"count":52,"href":"https:\/\/www.ceylan-makina.com\/index.php?rest_route=\/wp\/v2\/pages\/612\/revisions"}],"predecessor-version":[{"id":872,"href":"https:\/\/www.ceylan-makina.com\/index.php?rest_route=\/wp\/v2\/pages\/612\/revisions\/872"}],"wp:attachment":[{"href":"https:\/\/www.ceylan-makina.com\/index.php?rest_route=%2Fwp%2Fv2%2Fmedia&parent=612"}],"curies":[{"name":"wp","href":"https:\/\/api.w.org\/{rel}","templated":true}]}}