{"id":100,"date":"2019-10-24T15:35:38","date_gmt":"2019-10-24T12:35:38","guid":{"rendered":"http:\/\/demo.safirtema.com\/delta\/?page_id=100"},"modified":"2025-05-26T11:14:19","modified_gmt":"2025-05-26T08:14:19","slug":"hakkimizda","status":"publish","type":"page","link":"https:\/\/www.ceylan-makina.com\/?page_id=100","title":{"rendered":"Hakk\u0131m\u0131zda"},"content":{"rendered":"\n<p><strong>CEYLAN MAK\u0130NA SAN. T\u0130C. LTD. \u015eT\u0130<\/strong><\/p>\n\n\n\n<figure class=\"wp-block-image size-large\"><img loading=\"lazy\" width=\"1024\" height=\"512\" src=\"http:\/\/www.ceylan-makina.com\/wp-content\/uploads\/2025\/05\/WhatsApp-Gorsel-2025-05-22-saat-10.43.17_7f2a7c83-1-1024x512.jpg\" alt=\"\" class=\"wp-image-737\" srcset=\"https:\/\/www.ceylan-makina.com\/wp-content\/uploads\/2025\/05\/WhatsApp-Gorsel-2025-05-22-saat-10.43.17_7f2a7c83-1-1024x512.jpg 1024w, https:\/\/www.ceylan-makina.com\/wp-content\/uploads\/2025\/05\/WhatsApp-Gorsel-2025-05-22-saat-10.43.17_7f2a7c83-1-300x150.jpg 300w, https:\/\/www.ceylan-makina.com\/wp-content\/uploads\/2025\/05\/WhatsApp-Gorsel-2025-05-22-saat-10.43.17_7f2a7c83-1-768x384.jpg 768w, https:\/\/www.ceylan-makina.com\/wp-content\/uploads\/2025\/05\/WhatsApp-Gorsel-2025-05-22-saat-10.43.17_7f2a7c83-1-1536x768.jpg 1536w, https:\/\/www.ceylan-makina.com\/wp-content\/uploads\/2025\/05\/WhatsApp-Gorsel-2025-05-22-saat-10.43.17_7f2a7c83-1.jpg 1575w\" sizes=\"auto, (max-width: 1024px) 100vw, 1024px\" \/><\/figure>\n\n\n\n<p>Ceylan Makina \u00a0San.Tic.Ltd. \u015eirketi 1993 y\u0131l\u0131nda Kocaeli\u2019de kurulmu\u015f olup, yakla\u015f\u0131k 32 y\u0131ld\u0131r sekt\u00f6rde faaliyet g\u00f6stermektedir. Makine imalat\u0131 ve makine bak\u0131m \u00fczerine etkin ve h\u0131zl\u0131 \u00e7\u00f6z\u00fcmleriyle pazarda \u00f6nemli bir yere sahip olmu\u015ftur. S\u00fcrekli yenilik ve tekonolojik geli\u015fmeleri takip ederek m\u00fc\u015fteri odakl\u0131 ve bilimsel olarak \u00fcretime devam etmektedir. Tah\u0131l silolar\u0131 \u00fczerine yapt\u0131\u011f\u0131m\u0131z projeler ihtisas alan\u0131m\u0131z olmu\u015ftur. Ba\u015fta Kocaeli ve \u0130stanbul \u00e7evresi olmak \u00fczere T\u00fcrkiye\u2019nin \u00f6nde gelen sanayi kurulu\u015flar\u0131na hizmet vermekteyiz. Marmara b\u00f6lgesinde faaliyet g\u00f6steren sanayi kurulu\u015flar\u0131n\u0131n \u00fcretimine en verimli bir \u015fekilde destek olmak i\u00e7in; Makina Park\u0131m\u0131z\u0131 s\u00fcrekli geli\u015fen teknolojiye uygun hale getiriyoruz. Tecr\u00fcbeli ve bizimle \u00e7al\u0131\u015fmaktan \u00a0mutlu \u00e7al\u0131\u015fanlar\u0131m\u0131zla T\u00fcrk Sanayisi i\u00e7in gece g\u00fcnd\u00fcz demeden \u00e7al\u0131\u015f\u0131yoruz.<\/p>\n\n\n\n<figure class=\"wp-block-gallery has-nested-images columns-default is-cropped wp-block-gallery-1 is-layout-flex wp-block-gallery-is-layout-flex\">\n<figure class=\"wp-block-image size-large\"><img loading=\"lazy\" width=\"1024\" height=\"640\" data-id=\"465\" src=\"http:\/\/www.ceylan-makina.com\/wp-content\/uploads\/2025\/04\/126110e7-ff2f-4bfa-b133-01be1e971b5e-1-1024x640.jpg\" alt=\"\" class=\"wp-image-465\" srcset=\"https:\/\/www.ceylan-makina.com\/wp-content\/uploads\/2025\/04\/126110e7-ff2f-4bfa-b133-01be1e971b5e-1-1024x640.jpg 1024w, https:\/\/www.ceylan-makina.com\/wp-content\/uploads\/2025\/04\/126110e7-ff2f-4bfa-b133-01be1e971b5e-1-300x188.jpg 300w, https:\/\/www.ceylan-makina.com\/wp-content\/uploads\/2025\/04\/126110e7-ff2f-4bfa-b133-01be1e971b5e-1-768x480.jpg 768w, https:\/\/www.ceylan-makina.com\/wp-content\/uploads\/2025\/04\/126110e7-ff2f-4bfa-b133-01be1e971b5e-1-1536x960.jpg 1536w, https:\/\/www.ceylan-makina.com\/wp-content\/uploads\/2025\/04\/126110e7-ff2f-4bfa-b133-01be1e971b5e-1.jpg 1920w\" sizes=\"auto, (max-width: 1024px) 100vw, 1024px\" \/><\/figure>\n<\/figure>\n\n\n\n<p><strong>V\u0130ZYONUMUZ<\/strong><\/p>\n\n\n\n<p class=\"has-text-align-left\">Sekt\u00f6rdeki de\u011fi\u015fim ve geli\u015fmelere \u00f6nc\u00fcl\u00fck etmek, Tesislerimizdeki \u00e7a\u011fda\u015f \u00fcretim standartlar\u0131n\u0131 s\u00fcrekli geli\u015ftirmek, S\u00fcrekli iyile\u015fme modelini \u00fcretim, hizmet ve y\u00f6netiminin her s\u00fcrecinde benimsemek, M\u00fc\u015fteri memnuniyetini en \u00fcst seviyede tutmak, \u015eirketimizin pazar pay\u0131n\u0131 ve rekabet g\u00fcc\u00fcn\u00fc art\u0131rmak, T\u00fcm faaliyet alanlar\u0131m\u0131zda T\u00fcrkiye\u2019de \u00f6rnek \u015firket olmaya devam ederek D\u00fcnya\u2019ya da bunu kan\u0131tlamak ve bunu m\u00fc\u015fterilerimize hissettirmek. \u0130malat yapt\u0131\u011f\u0131m\u0131z \u00fcr\u00fcnler sayesinde, kaliteli ve yenilik\u00e7i, bak\u0131m ve servis hizmetlerimiz sayesinde h\u0131zl\u0131 ve g\u00fcvenli olarak gelece\u011fimizi \u015fekillendiren \u015firket olmay\u0131 hedeflemektedir. \u00c7al\u0131\u015fanlar\u0131m\u0131za, ortaklar\u0131m\u0131za, m\u00fc\u015fterilerimize davran\u0131\u015flar\u0131m\u0131zda; kar\u015f\u0131l\u0131kl\u0131 sayg\u0131, itibar ve d\u00fcr\u00fcstl\u00fck temel ilkelerimizdir.<\/p>\n\n\n\n<figure class=\"wp-block-gallery has-nested-images columns-default is-cropped wp-block-gallery-2 is-layout-flex wp-block-gallery-is-layout-flex\">\n<figure class=\"wp-block-image size-large\"><img loading=\"lazy\" width=\"1024\" height=\"640\" data-id=\"466\" src=\"http:\/\/www.ceylan-makina.com\/wp-content\/uploads\/2025\/04\/yenikapakmak-2-1024x640.jpg\" alt=\"\" class=\"wp-image-466\" srcset=\"https:\/\/www.ceylan-makina.com\/wp-content\/uploads\/2025\/04\/yenikapakmak-2-1024x640.jpg 1024w, https:\/\/www.ceylan-makina.com\/wp-content\/uploads\/2025\/04\/yenikapakmak-2-300x188.jpg 300w, https:\/\/www.ceylan-makina.com\/wp-content\/uploads\/2025\/04\/yenikapakmak-2-768x480.jpg 768w, https:\/\/www.ceylan-makina.com\/wp-content\/uploads\/2025\/04\/yenikapakmak-2-1536x960.jpg 1536w, https:\/\/www.ceylan-makina.com\/wp-content\/uploads\/2025\/04\/yenikapakmak-2.jpg 1920w\" sizes=\"auto, (max-width: 1024px) 100vw, 1024px\" \/><\/figure>\n<\/figure>\n\n\n\n<p><strong>M\u0130SYONUMUZ<\/strong><\/p>\n\n\n\n<p>M\u00fc\u015fterilerine, mesle\u011fine ve topluma kar\u015f\u0131 duydu\u011fu sorumluluk gere\u011fi, sekt\u00f6r\u00fcnde tecr\u00fcbesiyle \u00f6rnek g\u00f6sterilen bir kurum olarak kalmak, Alan\u0131nda deneyimli personelimizde tak\u0131m ruhu ve sahiplenme duygusu, bilinci olu\u015fturmak Kaliteli \u00fcretim ve kaliteli servis anlay\u0131\u015f\u0131ndan \u00f6d\u00fcn vermemek. Hizmet kalitesini s\u00fcrekli iyile\u015ftirmek ad\u0131na e\u011fitim \u00e7al\u0131\u015fmalar\u0131n\u0131 eksiksiz yerine getirmek. Faaliyet g\u00f6sterdi\u011fimiz alanlarda etkile\u015fimde bulundu\u011fumuz t\u00fcm kurum, kurulu\u015f, firma ve \u015fah\u0131slar\u0131 birer m\u00fc\u015fteri kabul ederek memnuniyetini ilke edinmek. G\u00f6revimiz; dinamik bir ekip \u00e7al\u0131\u015fmas\u0131 ile h\u0131zl\u0131, rekabet\u00e7i ve m\u00fc\u015fterilerimizin beklentilerini kar\u015f\u0131layan \u00fcretim ve \u00e7\u00f6z\u00fcm faaliyetleri sunmakt\u0131r. Hedef alan\u0131m\u0131z, yaln\u0131zca bulundu\u011fumuz \u015fehir veya \u00fclke de\u011fil t\u00fcm d\u00fcnyad\u0131r.<\/p>\n\n\n\n<figure class=\"wp-block-image size-full is-resized\"><img loading=\"lazy\" width=\"600\" height=\"337\" src=\"http:\/\/www.ceylan-makina.com\/wp-content\/uploads\/2025\/04\/Kopru-Tipi-Isleme-Merkezi.jpeg\" alt=\"\" class=\"wp-image-487\" style=\"width:840px;height:auto\" srcset=\"https:\/\/www.ceylan-makina.com\/wp-content\/uploads\/2025\/04\/Kopru-Tipi-Isleme-Merkezi.jpeg 600w, https:\/\/www.ceylan-makina.com\/wp-content\/uploads\/2025\/04\/Kopru-Tipi-Isleme-Merkezi-300x169.jpeg 300w\" sizes=\"auto, (max-width: 600px) 100vw, 600px\" \/><\/figure>\n","protected":false},"excerpt":{"rendered":"<p>CEYLAN MAK\u0130NA SAN. T\u0130C. LTD. \u015eT\u0130 Ceylan Makina \u00a0San.Tic.Ltd. \u015eirketi 1993 y\u0131l\u0131nda Kocaeli\u2019de kurulmu\u015f olup, yakla\u015f\u0131k 32 y\u0131ld\u0131r sekt\u00f6rde faaliyet g\u00f6stermektedir. Makine imalat\u0131 ve makine bak\u0131m \u00fczerine etkin ve h\u0131zl\u0131 \u00e7\u00f6z\u00fcmleriyle pazarda \u00f6nemli bir yere sahip olmu\u015ftur. S\u00fcrekli yenilik ve tekonolojik geli\u015fmeleri takip ederek m\u00fc\u015fteri odakl\u0131 ve bilimsel olarak \u00fcretime devam etmektedir. Tah\u0131l silolar\u0131 \u00fczerine [&hellip;]<\/p>\n","protected":false},"author":1,"featured_media":0,"parent":0,"menu_order":0,"comment_status":"closed","ping_status":"closed","template":"","meta":{"footnotes":""},"class_list":["post-100","page","type-page","status-publish","hentry"],"_links":{"self":[{"href":"https:\/\/www.ceylan-makina.com\/index.php?rest_route=\/wp\/v2\/pages\/100","targetHints":{"allow":["GET"]}}],"collection":[{"href":"https:\/\/www.ceylan-makina.com\/index.php?rest_route=\/wp\/v2\/pages"}],"about":[{"href":"https:\/\/www.ceylan-makina.com\/index.php?rest_route=\/wp\/v2\/types\/page"}],"author":[{"embeddable":true,"href":"https:\/\/www.ceylan-makina.com\/index.php?rest_route=\/wp\/v2\/users\/1"}],"replies":[{"embeddable":true,"href":"https:\/\/www.ceylan-makina.com\/index.php?rest_route=%2Fwp%2Fv2%2Fcomments&post=100"}],"version-history":[{"count":16,"href":"https:\/\/www.ceylan-makina.com\/index.php?rest_route=\/wp\/v2\/pages\/100\/revisions"}],"predecessor-version":[{"id":742,"href":"https:\/\/www.ceylan-makina.com\/index.php?rest_route=\/wp\/v2\/pages\/100\/revisions\/742"}],"wp:attachment":[{"href":"https:\/\/www.ceylan-makina.com\/index.php?rest_route=%2Fwp%2Fv2%2Fmedia&parent=100"}],"curies":[{"name":"wp","href":"https:\/\/api.w.org\/{rel}","templated":true}]}}